{"id":527,"date":"2019-11-08T13:28:03","date_gmt":"2019-11-08T13:28:03","guid":{"rendered":"http:\/\/impreza20.us-themes.com\/?page_id=11"},"modified":"2021-12-17T14:13:41","modified_gmt":"2021-12-17T13:13:41","slug":"sro-identite-print-web-design","status":"publish","type":"page","link":"https:\/\/srodesign.com\/sro\/","title":{"rendered":"Home"},"content":{"rendered":"<section class=\"l-section wpb_row height_medium full_height valign_center color_primary with_img parallax_ver\"><div class=\"l-section-img\" role=\"img\" aria-label=\"Image\" data-img-width=\"2560\" data-img-height=\"2048\" style=\"background-image: url(https:\/\/srodesign.com\/sro\/wp-content\/uploads\/2020\/03\/KEY_P_201603_0250_RET_20160602100346696_G-scaled.jpg);\"><\/div><div class=\"l-section-overlay\" style=\"background:linear-gradient(90deg,rgba(235,30,54,0.8500000000000001),rgba(226,0,26,0.9500000000000001))\"><\/div><div class=\"l-section-h i-cf\"><div class=\"g-cols vc_row via_flex valign_middle type_default reversed stacking_default\"><div class=\"vc_col-sm-8 wpb_column vc_column_container us_animate_afb\"><div class=\"vc_column-inner\"><div class=\"wpb_wrapper\"><div class=\"wpb_text_column\"><div class=\"wpb_wrapper\"><p>Identit\u00e9 visuelle<\/p>\n<\/div><\/div><h2 class=\"w-text us_custom_aa13cce3\"><span class=\"w-text-h\"><span class=\"w-text-value\">Logo, charte graphique&#8230;<br \/>\nLa cr\u00e9ativit\u00e9 est sans limite, jouons avec !<\/span><\/span><\/h2><\/div><\/div><\/div><div class=\"vc_col-sm-2 wpb_column vc_column_container\"><div class=\"vc_column-inner\"><div class=\"wpb_wrapper\"><div class=\"w-iconbox iconpos_top style_default color_contrast align_center no_text no_title\"><div class=\"w-iconbox-icon\" style=\"font-size:14vw;\"><i class=\"fal fa-lightbulb-on\"><\/i><\/div><div class=\"w-iconbox-meta\"><\/div><\/div><\/div><\/div><\/div><div class=\"vc_col-sm-2 wpb_column vc_column_container\"><div class=\"vc_column-inner\"><div class=\"wpb_wrapper\"><div class=\"w-scroller us_custom_86046f73 style_4 pos_right with_dots\" aria-hidden=\"true\" data-speed=\"1000\" data-disablewidth=\"768\"><div class=\"w-scroller-dots\" style=\"font-size:10px;color:#ffffff;\"><div class=\"w-scroller-dot\" role=\"button\"><span><\/span><\/div><\/div><\/div><\/div><\/div><\/div><\/div><\/div><\/section><section class=\"l-section wpb_row height_medium full_height valign_center color_primary with_img parallax_ver\"><div class=\"l-section-img\" role=\"img\" aria-label=\"Image\" data-img-width=\"2048\" data-img-height=\"884\" style=\"background-image: url(https:\/\/srodesign.com\/sro\/wp-content\/uploads\/2020\/03\/SRO-wallpaper_01.jpg);background-repeat: no-repeat;\"><\/div><div class=\"l-section-overlay\" style=\"background:linear-gradient(90deg,rgba(235,30,54,0.8500000000000001),rgba(226,0,26,0.9500000000000001))\"><\/div><div class=\"l-section-h i-cf\"><div class=\"g-cols vc_row via_flex valign_middle type_default reversed stacking_default\"><div class=\"vc_col-sm-8 wpb_column vc_column_container us_animate_afb\"><div class=\"vc_column-inner\"><div class=\"wpb_wrapper\"><div class=\"wpb_text_column\"><div class=\"wpb_wrapper\"><p>Print<\/p>\n<\/div><\/div><h2 class=\"w-text us_custom_aa13cce3\"><span class=\"w-text-h\"><span class=\"w-text-value\">Impression tous support.<br \/>\nPapiers, enseignes, v\u00e9hicules, plaques v\u00e9lo, produits d\u00e9riv\u00e9s&#8230;<\/span><\/span><\/h2><\/div><\/div><\/div><div class=\"vc_col-sm-4 vc_hidden-md vc_hidden-sm vc_hidden-xs wpb_column vc_column_container us_animate_afb\" style=\"animation-delay:0.2s\"><div class=\"vc_column-inner\"><div class=\"wpb_wrapper\"><div class=\"w-iconbox iconpos_top style_default color_contrast align_center no_text no_title\"><div class=\"w-iconbox-icon\" style=\"font-size:14vw;\"><i class=\"fal fa-print\"><\/i><\/div><div class=\"w-iconbox-meta\"><\/div><\/div><\/div><\/div><\/div><\/div><\/div><\/section><section class=\"l-section wpb_row height_medium full_height valign_center color_primary with_img parallax_ver\"><div class=\"l-section-img\" role=\"img\" aria-label=\"Image\" data-img-width=\"2560\" data-img-height=\"1259\" style=\"background-image: url(https:\/\/srodesign.com\/sro\/wp-content\/uploads\/2020\/03\/mh_why_getting_to_comfortable.jpg.rendition.2880.1416-scaled.jpg);background-repeat: no-repeat;\"><\/div><div class=\"l-section-overlay\" style=\"background:linear-gradient(90deg,rgba(235,30,54,0.8500000000000001),rgba(226,0,26,0.9500000000000001))\"><\/div><div class=\"l-section-h i-cf\"><div class=\"g-cols vc_row via_flex valign_middle type_default reversed stacking_default\"><div class=\"vc_col-sm-8 wpb_column vc_column_container us_animate_afb\"><div class=\"vc_column-inner\"><div class=\"wpb_wrapper\"><div class=\"wpb_text_column\"><div class=\"wpb_wrapper\"><p>Web<\/p>\n<\/div><\/div><h2 class=\"w-text us_custom_aa13cce3\"><span class=\"w-text-h\"><span class=\"w-text-value\">Cr\u00e9ation de site web \u00e0 votre image.<\/span><\/span><\/h2><\/div><\/div><\/div><div class=\"vc_col-sm-4 vc_hidden-md vc_hidden-sm vc_hidden-xs wpb_column vc_column_container us_animate_afb\" style=\"animation-delay:0.2s\"><div class=\"vc_column-inner\"><div class=\"wpb_wrapper\"><div class=\"w-iconbox iconpos_top style_default color_contrast align_center no_text no_title\"><div class=\"w-iconbox-icon\" style=\"font-size:14vw;\"><i class=\"fal fa-desktop\"><\/i><\/div><div class=\"w-iconbox-meta\"><\/div><\/div><\/div><\/div><\/div><\/div><\/div><\/section><section class=\"l-section wpb_row height_medium full_height valign_center color_primary with_img parallax_ver\"><div class=\"l-section-img\" role=\"img\" aria-label=\"Image\" data-img-width=\"2560\" data-img-height=\"1435\" style=\"background-image: url(https:\/\/srodesign.com\/sro\/wp-content\/uploads\/2020\/03\/Lay_0005_20180126111215902_G-scaled.jpg);background-repeat: no-repeat;\"><\/div><div class=\"l-section-overlay\" style=\"background:linear-gradient(90deg,rgba(235,30,54,0.8500000000000001),rgba(226,0,26,0.9500000000000001))\"><\/div><div class=\"l-section-h i-cf\"><div class=\"g-cols vc_row via_flex valign_middle type_default reversed stacking_default\"><div class=\"vc_col-sm-8 wpb_column vc_column_container us_animate_afb\"><div class=\"vc_column-inner\"><div class=\"wpb_wrapper\"><div class=\"wpb_text_column\"><div class=\"wpb_wrapper\"><p>Design<\/p>\n<\/div><\/div><h2 class=\"w-text us_custom_aa13cce3\"><span class=\"w-text-h\"><span class=\"w-text-value\">Design produit, mobilier, escalier sur mesure&#8230;<\/span><\/span><\/h2><\/div><\/div><\/div><div class=\"vc_col-sm-4 vc_hidden-md vc_hidden-sm vc_hidden-xs wpb_column vc_column_container us_animate_afb\" style=\"animation-delay:0.2s\"><div class=\"vc_column-inner\"><div class=\"wpb_wrapper\"><div class=\"w-iconbox iconpos_top style_default color_contrast align_center no_text no_title\"><div class=\"w-iconbox-icon\" style=\"font-size:14vw;\"><i class=\"fal fa-pencil\"><\/i><\/div><div class=\"w-iconbox-meta\"><\/div><\/div><\/div><\/div><\/div><\/div><\/div><\/section>\n","protected":false},"excerpt":{"rendered":"Identit\u00e9 visuelle Logo, charte graphique&#8230; La cr\u00e9ativit\u00e9 est sans limite, jouons avec !Print Impression tous support. Papiers, enseignes, v\u00e9hicules, plaques v\u00e9lo, produits d\u00e9riv\u00e9s&#8230;Web Cr\u00e9ation de site web \u00e0 votre image.Design Design produit, mobilier, escalier sur mesure&#8230;","protected":false},"author":1,"featured_media":0,"parent":0,"menu_order":0,"comment_status":"closed","ping_status":"closed","template":"","meta":{"footnotes":""},"class_list":["post-527","page","type-page","status-publish","hentry"],"yoast_head":"<!-- This site is optimized with the Yoast SEO plugin v26.4 - https:\/\/yoast.com\/wordpress\/plugins\/seo\/ -->\n<title>SRO bureau cr\u00e9atif de design et communication<\/title>\n<meta name=\"description\" content=\"SRO associe sa cr\u00e9ativit\u00e9 et son exp\u00e9rience pour vous apporter des solutions techniques et graphiques sur mesure. #Design #Print #Web #Design\" \/>\n<meta name=\"robots\" content=\"index, follow, max-snippet:-1, max-image-preview:large, max-video-preview:-1\" \/>\n<link rel=\"canonical\" href=\"https:\/\/srodesign.com\/sro\/\" \/>\n<meta property=\"og:locale\" content=\"fr_FR\" \/>\n<meta property=\"og:type\" content=\"article\" \/>\n<meta property=\"og:title\" content=\"SRO bureau cr\u00e9atif de design et communication\" \/>\n<meta property=\"og:description\" content=\"SRO associe sa cr\u00e9ativit\u00e9 et son exp\u00e9rience pour vous apporter des solutions techniques et graphiques sur mesure. #Design #Print #Web #Design\" \/>\n<meta property=\"og:url\" content=\"https:\/\/srodesign.com\/sro\/\" \/>\n<meta property=\"og:site_name\" content=\"SRO\" \/>\n<meta property=\"article:modified_time\" content=\"2021-12-17T13:13:41+00:00\" \/>\n<meta name=\"twitter:card\" content=\"summary_large_image\" \/>\n<meta name=\"twitter:label1\" content=\"Dur\u00e9e de lecture estim\u00e9e\" \/>\n\t<meta name=\"twitter:data1\" content=\"1 minute\" \/>\n<script type=\"application\/ld+json\" class=\"yoast-schema-graph\">{\"@context\":\"https:\/\/schema.org\",\"@graph\":[{\"@type\":\"WebPage\",\"@id\":\"https:\/\/srodesign.com\/sro\/\",\"url\":\"https:\/\/srodesign.com\/sro\/\",\"name\":\"SRO bureau cr\u00e9atif de design et communication\",\"isPartOf\":{\"@id\":\"https:\/\/srodesign.com\/sro\/#website\"},\"datePublished\":\"2019-11-08T13:28:03+00:00\",\"dateModified\":\"2021-12-17T13:13:41+00:00\",\"description\":\"SRO associe sa cr\u00e9ativit\u00e9 et son exp\u00e9rience pour vous apporter des solutions techniques et graphiques sur mesure. #Design #Print #Web #Design\",\"breadcrumb\":{\"@id\":\"https:\/\/srodesign.com\/sro\/#breadcrumb\"},\"inLanguage\":\"fr-FR\",\"potentialAction\":[{\"@type\":\"ReadAction\",\"target\":[\"https:\/\/srodesign.com\/sro\/\"]}]},{\"@type\":\"BreadcrumbList\",\"@id\":\"https:\/\/srodesign.com\/sro\/#breadcrumb\",\"itemListElement\":[{\"@type\":\"ListItem\",\"position\":1,\"name\":\"Accueil\",\"item\":\"https:\/\/srodesign.com\/sro\/\"},{\"@type\":\"ListItem\",\"position\":2,\"name\":\"Home\"}]},{\"@type\":\"WebSite\",\"@id\":\"https:\/\/srodesign.com\/sro\/#website\",\"url\":\"https:\/\/srodesign.com\/sro\/\",\"name\":\"SRO\",\"description\":\"bureau cr\u00e9atif de design et communication\",\"potentialAction\":[{\"@type\":\"SearchAction\",\"target\":{\"@type\":\"EntryPoint\",\"urlTemplate\":\"https:\/\/srodesign.com\/sro\/?s={search_term_string}\"},\"query-input\":{\"@type\":\"PropertyValueSpecification\",\"valueRequired\":true,\"valueName\":\"search_term_string\"}}],\"inLanguage\":\"fr-FR\"}]}<\/script>\n<!-- \/ Yoast SEO plugin. -->","yoast_head_json":{"title":"SRO bureau cr\u00e9atif de design et communication","description":"SRO associe sa cr\u00e9ativit\u00e9 et son exp\u00e9rience pour vous apporter des solutions techniques et graphiques sur mesure. #Design #Print #Web #Design","robots":{"index":"index","follow":"follow","max-snippet":"max-snippet:-1","max-image-preview":"max-image-preview:large","max-video-preview":"max-video-preview:-1"},"canonical":"https:\/\/srodesign.com\/sro\/","og_locale":"fr_FR","og_type":"article","og_title":"SRO bureau cr\u00e9atif de design et communication","og_description":"SRO associe sa cr\u00e9ativit\u00e9 et son exp\u00e9rience pour vous apporter des solutions techniques et graphiques sur mesure. #Design #Print #Web #Design","og_url":"https:\/\/srodesign.com\/sro\/","og_site_name":"SRO","article_modified_time":"2021-12-17T13:13:41+00:00","twitter_card":"summary_large_image","twitter_misc":{"Dur\u00e9e de lecture estim\u00e9e":"1 minute"},"schema":{"@context":"https:\/\/schema.org","@graph":[{"@type":"WebPage","@id":"https:\/\/srodesign.com\/sro\/","url":"https:\/\/srodesign.com\/sro\/","name":"SRO bureau cr\u00e9atif de design et communication","isPartOf":{"@id":"https:\/\/srodesign.com\/sro\/#website"},"datePublished":"2019-11-08T13:28:03+00:00","dateModified":"2021-12-17T13:13:41+00:00","description":"SRO associe sa cr\u00e9ativit\u00e9 et son exp\u00e9rience pour vous apporter des solutions techniques et graphiques sur mesure. #Design #Print #Web #Design","breadcrumb":{"@id":"https:\/\/srodesign.com\/sro\/#breadcrumb"},"inLanguage":"fr-FR","potentialAction":[{"@type":"ReadAction","target":["https:\/\/srodesign.com\/sro\/"]}]},{"@type":"BreadcrumbList","@id":"https:\/\/srodesign.com\/sro\/#breadcrumb","itemListElement":[{"@type":"ListItem","position":1,"name":"Accueil","item":"https:\/\/srodesign.com\/sro\/"},{"@type":"ListItem","position":2,"name":"Home"}]},{"@type":"WebSite","@id":"https:\/\/srodesign.com\/sro\/#website","url":"https:\/\/srodesign.com\/sro\/","name":"SRO","description":"bureau cr\u00e9atif de design et communication","potentialAction":[{"@type":"SearchAction","target":{"@type":"EntryPoint","urlTemplate":"https:\/\/srodesign.com\/sro\/?s={search_term_string}"},"query-input":{"@type":"PropertyValueSpecification","valueRequired":true,"valueName":"search_term_string"}}],"inLanguage":"fr-FR"}]}},"_links":{"self":[{"href":"https:\/\/srodesign.com\/sro\/wp-json\/wp\/v2\/pages\/527","targetHints":{"allow":["GET"]}}],"collection":[{"href":"https:\/\/srodesign.com\/sro\/wp-json\/wp\/v2\/pages"}],"about":[{"href":"https:\/\/srodesign.com\/sro\/wp-json\/wp\/v2\/types\/page"}],"author":[{"embeddable":true,"href":"https:\/\/srodesign.com\/sro\/wp-json\/wp\/v2\/users\/1"}],"replies":[{"embeddable":true,"href":"https:\/\/srodesign.com\/sro\/wp-json\/wp\/v2\/comments?post=527"}],"version-history":[{"count":49,"href":"https:\/\/srodesign.com\/sro\/wp-json\/wp\/v2\/pages\/527\/revisions"}],"predecessor-version":[{"id":1114,"href":"https:\/\/srodesign.com\/sro\/wp-json\/wp\/v2\/pages\/527\/revisions\/1114"}],"wp:attachment":[{"href":"https:\/\/srodesign.com\/sro\/wp-json\/wp\/v2\/media?parent=527"}],"curies":[{"name":"wp","href":"https:\/\/api.w.org\/{rel}","templated":true}]}}