{"id":217,"date":"2019-11-13T14:41:43","date_gmt":"2019-11-13T14:41:43","guid":{"rendered":"http:\/\/impreza20.us-themes.com\/?page_id=217"},"modified":"2020-03-16T18:12:20","modified_gmt":"2020-03-16T17:12:20","slug":"a-propos","status":"publish","type":"page","link":"https:\/\/srodesign.com\/sro\/a-propos\/","title":{"rendered":"\u00c0 propos"},"content":{"rendered":"<section class=\"l-section wpb_row height_huge color_primary with_img parallax_ver\"><div class=\"l-section-img\" role=\"img\" aria-label=\"Image\" data-img-width=\"2560\" data-img-height=\"1707\" style=\"background-image: url(https:\/\/srodesign.com\/sro\/wp-content\/uploads\/2020\/03\/IMG_5285-scaled.jpg);background-repeat: no-repeat;\"><\/div><div class=\"l-section-overlay\" style=\"background:linear-gradient(90deg,rgba(235,30,54,0.8500000000000001),rgba(226,0,26,0.9500000000000001))\"><\/div><div class=\"l-section-h i-cf\"><div class=\"g-cols vc_row via_flex valign_top type_default stacking_default\"><div class=\"vc_col-sm-6 wpb_column vc_column_container\"><div class=\"vc_column-inner\"><div class=\"wpb_wrapper\"><\/div><\/div><\/div><div class=\"vc_col-sm-6 wpb_column vc_column_container\"><div class=\"vc_column-inner\"><div class=\"wpb_wrapper\"><div class=\"wpb_text_column\"><div class=\"wpb_wrapper\"><h1 style=\"text-align: left;\">\u00c0 propos<\/h1>\n<\/div><\/div><div class=\"w-separator size_small\"><\/div><div class=\"wpb_text_column\"><div class=\"wpb_wrapper\"><p>SRO est un <strong>\u201c bureau cr\u00e9atif \u201d<\/strong> sp\u00e9cialis\u00e9 en design et communication, qui a pris son envol en 2010 pour vous apporter des solutions cr\u00e9atives, optimiser votre image et d\u00e9velopper votre communication visuelle.<br \/>\nVous avez un projet, SRO vous apporte des solutions techniques et graphiques. Apportez vos id\u00e9es, SRO y associe sa cr\u00e9ativit\u00e9 et son exp\u00e9rience.<br \/>\nAfin de garantir la p\u00e9rennit\u00e9 de votre projet et lui conserver sur toute sa dur\u00e9e un impact optimal, SRO \u00e9tudie r\u00e9guli\u00e8rement de nouvelles pistes m\u00e9thodologiques et techniques.<\/p>\n<\/div><\/div><\/div><\/div><\/div><\/div><\/div><\/section><section class=\"l-section wpb_row height_custom\"><div class=\"l-section-h i-cf\"><div class=\"g-cols vc_row via_flex valign_top type_default stacking_default\"><div class=\"vc_col-sm-6 wpb_column vc_column_container\"><div class=\"vc_column-inner\"><div class=\"wpb_wrapper\"><div class=\"wpb_text_column\"><div class=\"wpb_wrapper\"><h2>Graphisme, web, print&#8230;<\/h2>\n<p>Un concentr\u00e9 de sens dans un minimum de signes !<br \/>\nSRO cr\u00e9e pour vous une pr\u00e9sence graphique unique, s\u00e9duisante et m\u00e9morisable.<br \/>\nLe savoir-faire du SRO est de construire et d\u2019orienter dans le temps toutes les facettes de l\u2019identit\u00e9 des entreprises.<\/p>\n<p><strong>Une coh\u00e9rence globale au service de votre image<\/strong><\/p>\n<p>SRO intervient sur diff\u00e9rents types de m\u00e9dias : Catalogue, Brochure, \u00c9dition, Plaquette, Signal\u00e9tique, Rapport Annuel, Affiche, Invitation, D\u00e9pliant, Campagne Presse, Habillage graphique, Environnement de vente, Packaging Cr\u00e9atif, Coffret de Luxe, PLV, Interactivit\u00e9, Site Internet, Planche grand format\u2026<\/p>\n<p><strong><span style=\"color: #c1001f;\">#Graphisme<\/span><\/strong><br \/>\n<strong><span style=\"color: #c1001f;\">#SiteWeb<\/span><\/strong><br \/>\n<strong><span style=\"color: #c1001f;\">#Impression<\/span><\/strong><\/p>\n<\/div><\/div><\/div><\/div><\/div><div class=\"vc_col-sm-6 wpb_column vc_column_container\"><div class=\"vc_column-inner\"><div class=\"wpb_wrapper\"><div class=\"wpb_text_column\"><div class=\"wpb_wrapper\"><h2>Design produit<\/h2>\n<p>Pour les amateurs d&rsquo;objets design, SRO con\u00e7oit, mod\u00e9lise en 3D et r\u00e9alise vos id\u00e9es avec des solutions fonctionnelles et esth\u00e9tiques, \u00e9tudi\u00e9es au cas par cas pour chaque client. Un travail rigoureux et attentif o\u00f9 chaque d\u00e9tail est dessin\u00e9 et r\u00e9alis\u00e9 avec des mat\u00e9riaux nobles tels que le m\u00e9tal et le bois entre autres.La volont\u00e9 de SRO est de vous faire profiter d\u2019une qualit\u00e9 irr\u00e9prochable tant sur le plan suivi de projet que technique. Un regard neuf sur l\u2019environnement, une intuition et une analyse au service d\u2019id\u00e9es innovantes, sont les atouts pour cr\u00e9er \u00e9l\u00e9gances et plaisirs.<\/p>\n<p><strong><span style=\"color: #c1001f;\">#Design<\/span><\/strong><\/p>\n<\/div><\/div><\/div><\/div><\/div><\/div><\/div><\/section>\n","protected":false},"excerpt":{"rendered":"\u00c0 propos SRO est un \u201c bureau cr\u00e9atif \u201d sp\u00e9cialis\u00e9 en design et communication, qui a pris son envol en 2010 pour vous apporter des solutions cr\u00e9atives, optimiser votre image et d\u00e9velopper votre communication visuelle. Vous avez un projet, SRO vous apporte des solutions techniques et graphiques. Apportez vos id\u00e9es, SRO y associe sa cr\u00e9ativit\u00e9...","protected":false},"author":1,"featured_media":946,"parent":0,"menu_order":0,"comment_status":"closed","ping_status":"closed","template":"","meta":{"footnotes":""},"class_list":["post-217","page","type-page","status-publish","has-post-thumbnail","hentry"],"yoast_head":"<!-- This site is optimized with the Yoast SEO plugin v26.4 - https:\/\/yoast.com\/wordpress\/plugins\/seo\/ -->\n<title>\u00c0 propos - SRO<\/title>\n<meta name=\"description\" content=\"SRO est un \u201c bureau cr\u00e9atif \u201d sp\u00e9cialis\u00e9 en design et communication, qui a pris son envol en 2010 pour vous apporter des solutions cr\u00e9atives, optimiser votre image et d\u00e9velopper votre communication visuelle.Vous avez un projet, SRO vous apporte des solutions techniques et graphiques. Apportez vos id\u00e9es, SRO y associe sa cr\u00e9ativit\u00e9 et son exp\u00e9rience.Afin de garantir la p\u00e9rennit\u00e9 de votre projet et lui conserver sur toute sa dur\u00e9e un impact optimal, SRO \u00e9tudie r\u00e9guli\u00e8rement de nouvelles pistes m\u00e9thodologiques et techniques.\" \/>\n<meta name=\"robots\" content=\"index, follow, max-snippet:-1, max-image-preview:large, max-video-preview:-1\" \/>\n<link rel=\"canonical\" href=\"https:\/\/srodesign.com\/sro\/a-propos\/\" \/>\n<meta property=\"og:locale\" content=\"fr_FR\" \/>\n<meta property=\"og:type\" content=\"article\" \/>\n<meta property=\"og:title\" content=\"\u00c0 propos - SRO\" \/>\n<meta property=\"og:description\" content=\"SRO est un \u201c bureau cr\u00e9atif \u201d sp\u00e9cialis\u00e9 en design et communication, qui a pris son envol en 2010 pour vous apporter des solutions cr\u00e9atives, optimiser votre image et d\u00e9velopper votre communication visuelle.Vous avez un projet, SRO vous apporte des solutions techniques et graphiques. Apportez vos id\u00e9es, SRO y associe sa cr\u00e9ativit\u00e9 et son exp\u00e9rience.Afin de garantir la p\u00e9rennit\u00e9 de votre projet et lui conserver sur toute sa dur\u00e9e un impact optimal, SRO \u00e9tudie r\u00e9guli\u00e8rement de nouvelles pistes m\u00e9thodologiques et techniques.\" \/>\n<meta property=\"og:url\" content=\"https:\/\/srodesign.com\/sro\/a-propos\/\" \/>\n<meta property=\"og:site_name\" content=\"SRO\" \/>\n<meta property=\"article:modified_time\" content=\"2020-03-16T17:12:20+00:00\" \/>\n<meta property=\"og:image\" content=\"https:\/\/srodesign.com\/sro\/wp-content\/uploads\/2020\/03\/IMG_5285-scaled.jpg\" \/>\n\t<meta property=\"og:image:width\" content=\"2560\" \/>\n\t<meta property=\"og:image:height\" content=\"1707\" \/>\n\t<meta property=\"og:image:type\" content=\"image\/jpeg\" \/>\n<meta name=\"twitter:card\" content=\"summary_large_image\" \/>\n<meta name=\"twitter:label1\" content=\"Dur\u00e9e de lecture estim\u00e9e\" \/>\n\t<meta name=\"twitter:data1\" content=\"2 minutes\" \/>\n<script type=\"application\/ld+json\" class=\"yoast-schema-graph\">{\"@context\":\"https:\/\/schema.org\",\"@graph\":[{\"@type\":\"WebPage\",\"@id\":\"https:\/\/srodesign.com\/sro\/a-propos\/\",\"url\":\"https:\/\/srodesign.com\/sro\/a-propos\/\",\"name\":\"\u00c0 propos - SRO\",\"isPartOf\":{\"@id\":\"https:\/\/srodesign.com\/sro\/#website\"},\"primaryImageOfPage\":{\"@id\":\"https:\/\/srodesign.com\/sro\/a-propos\/#primaryimage\"},\"image\":{\"@id\":\"https:\/\/srodesign.com\/sro\/a-propos\/#primaryimage\"},\"thumbnailUrl\":\"https:\/\/srodesign.com\/sro\/wp-content\/uploads\/2020\/03\/IMG_5285-scaled.jpg\",\"datePublished\":\"2019-11-13T14:41:43+00:00\",\"dateModified\":\"2020-03-16T17:12:20+00:00\",\"description\":\"SRO est un \u201c bureau cr\u00e9atif \u201d sp\u00e9cialis\u00e9 en design et communication, qui a pris son envol en 2010 pour vous apporter des solutions cr\u00e9atives, optimiser votre image et d\u00e9velopper votre communication visuelle.Vous avez un projet, SRO vous apporte des solutions techniques et graphiques. Apportez vos id\u00e9es, SRO y associe sa cr\u00e9ativit\u00e9 et son exp\u00e9rience.Afin de garantir la p\u00e9rennit\u00e9 de votre projet et lui conserver sur toute sa dur\u00e9e un impact optimal, SRO \u00e9tudie r\u00e9guli\u00e8rement de nouvelles pistes m\u00e9thodologiques et techniques.\",\"breadcrumb\":{\"@id\":\"https:\/\/srodesign.com\/sro\/a-propos\/#breadcrumb\"},\"inLanguage\":\"fr-FR\",\"potentialAction\":[{\"@type\":\"ReadAction\",\"target\":[\"https:\/\/srodesign.com\/sro\/a-propos\/\"]}]},{\"@type\":\"ImageObject\",\"inLanguage\":\"fr-FR\",\"@id\":\"https:\/\/srodesign.com\/sro\/a-propos\/#primaryimage\",\"url\":\"https:\/\/srodesign.com\/sro\/wp-content\/uploads\/2020\/03\/IMG_5285-scaled.jpg\",\"contentUrl\":\"https:\/\/srodesign.com\/sro\/wp-content\/uploads\/2020\/03\/IMG_5285-scaled.jpg\",\"width\":2560,\"height\":1707},{\"@type\":\"BreadcrumbList\",\"@id\":\"https:\/\/srodesign.com\/sro\/a-propos\/#breadcrumb\",\"itemListElement\":[{\"@type\":\"ListItem\",\"position\":1,\"name\":\"Accueil\",\"item\":\"https:\/\/srodesign.com\/sro\/\"},{\"@type\":\"ListItem\",\"position\":2,\"name\":\"\u00c0 propos\"}]},{\"@type\":\"WebSite\",\"@id\":\"https:\/\/srodesign.com\/sro\/#website\",\"url\":\"https:\/\/srodesign.com\/sro\/\",\"name\":\"SRO\",\"description\":\"bureau cr\u00e9atif de design et communication\",\"potentialAction\":[{\"@type\":\"SearchAction\",\"target\":{\"@type\":\"EntryPoint\",\"urlTemplate\":\"https:\/\/srodesign.com\/sro\/?s={search_term_string}\"},\"query-input\":{\"@type\":\"PropertyValueSpecification\",\"valueRequired\":true,\"valueName\":\"search_term_string\"}}],\"inLanguage\":\"fr-FR\"}]}<\/script>\n<!-- \/ Yoast SEO plugin. -->","yoast_head_json":{"title":"\u00c0 propos - SRO","description":"SRO est un \u201c bureau cr\u00e9atif \u201d sp\u00e9cialis\u00e9 en design et communication, qui a pris son envol en 2010 pour vous apporter des solutions cr\u00e9atives, optimiser votre image et d\u00e9velopper votre communication visuelle.Vous avez un projet, SRO vous apporte des solutions techniques et graphiques. Apportez vos id\u00e9es, SRO y associe sa cr\u00e9ativit\u00e9 et son exp\u00e9rience.Afin de garantir la p\u00e9rennit\u00e9 de votre projet et lui conserver sur toute sa dur\u00e9e un impact optimal, SRO \u00e9tudie r\u00e9guli\u00e8rement de nouvelles pistes m\u00e9thodologiques et techniques.","robots":{"index":"index","follow":"follow","max-snippet":"max-snippet:-1","max-image-preview":"max-image-preview:large","max-video-preview":"max-video-preview:-1"},"canonical":"https:\/\/srodesign.com\/sro\/a-propos\/","og_locale":"fr_FR","og_type":"article","og_title":"\u00c0 propos - SRO","og_description":"SRO est un \u201c bureau cr\u00e9atif \u201d sp\u00e9cialis\u00e9 en design et communication, qui a pris son envol en 2010 pour vous apporter des solutions cr\u00e9atives, optimiser votre image et d\u00e9velopper votre communication visuelle.Vous avez un projet, SRO vous apporte des solutions techniques et graphiques. Apportez vos id\u00e9es, SRO y associe sa cr\u00e9ativit\u00e9 et son exp\u00e9rience.Afin de garantir la p\u00e9rennit\u00e9 de votre projet et lui conserver sur toute sa dur\u00e9e un impact optimal, SRO \u00e9tudie r\u00e9guli\u00e8rement de nouvelles pistes m\u00e9thodologiques et techniques.","og_url":"https:\/\/srodesign.com\/sro\/a-propos\/","og_site_name":"SRO","article_modified_time":"2020-03-16T17:12:20+00:00","og_image":[{"width":2560,"height":1707,"url":"https:\/\/srodesign.com\/sro\/wp-content\/uploads\/2020\/03\/IMG_5285-scaled.jpg","type":"image\/jpeg"}],"twitter_card":"summary_large_image","twitter_misc":{"Dur\u00e9e de lecture estim\u00e9e":"2 minutes"},"schema":{"@context":"https:\/\/schema.org","@graph":[{"@type":"WebPage","@id":"https:\/\/srodesign.com\/sro\/a-propos\/","url":"https:\/\/srodesign.com\/sro\/a-propos\/","name":"\u00c0 propos - SRO","isPartOf":{"@id":"https:\/\/srodesign.com\/sro\/#website"},"primaryImageOfPage":{"@id":"https:\/\/srodesign.com\/sro\/a-propos\/#primaryimage"},"image":{"@id":"https:\/\/srodesign.com\/sro\/a-propos\/#primaryimage"},"thumbnailUrl":"https:\/\/srodesign.com\/sro\/wp-content\/uploads\/2020\/03\/IMG_5285-scaled.jpg","datePublished":"2019-11-13T14:41:43+00:00","dateModified":"2020-03-16T17:12:20+00:00","description":"SRO est un \u201c bureau cr\u00e9atif \u201d sp\u00e9cialis\u00e9 en design et communication, qui a pris son envol en 2010 pour vous apporter des solutions cr\u00e9atives, optimiser votre image et d\u00e9velopper votre communication visuelle.Vous avez un projet, SRO vous apporte des solutions techniques et graphiques. Apportez vos id\u00e9es, SRO y associe sa cr\u00e9ativit\u00e9 et son exp\u00e9rience.Afin de garantir la p\u00e9rennit\u00e9 de votre projet et lui conserver sur toute sa dur\u00e9e un impact optimal, SRO \u00e9tudie r\u00e9guli\u00e8rement de nouvelles pistes m\u00e9thodologiques et techniques.","breadcrumb":{"@id":"https:\/\/srodesign.com\/sro\/a-propos\/#breadcrumb"},"inLanguage":"fr-FR","potentialAction":[{"@type":"ReadAction","target":["https:\/\/srodesign.com\/sro\/a-propos\/"]}]},{"@type":"ImageObject","inLanguage":"fr-FR","@id":"https:\/\/srodesign.com\/sro\/a-propos\/#primaryimage","url":"https:\/\/srodesign.com\/sro\/wp-content\/uploads\/2020\/03\/IMG_5285-scaled.jpg","contentUrl":"https:\/\/srodesign.com\/sro\/wp-content\/uploads\/2020\/03\/IMG_5285-scaled.jpg","width":2560,"height":1707},{"@type":"BreadcrumbList","@id":"https:\/\/srodesign.com\/sro\/a-propos\/#breadcrumb","itemListElement":[{"@type":"ListItem","position":1,"name":"Accueil","item":"https:\/\/srodesign.com\/sro\/"},{"@type":"ListItem","position":2,"name":"\u00c0 propos"}]},{"@type":"WebSite","@id":"https:\/\/srodesign.com\/sro\/#website","url":"https:\/\/srodesign.com\/sro\/","name":"SRO","description":"bureau cr\u00e9atif de design et communication","potentialAction":[{"@type":"SearchAction","target":{"@type":"EntryPoint","urlTemplate":"https:\/\/srodesign.com\/sro\/?s={search_term_string}"},"query-input":{"@type":"PropertyValueSpecification","valueRequired":true,"valueName":"search_term_string"}}],"inLanguage":"fr-FR"}]}},"_links":{"self":[{"href":"https:\/\/srodesign.com\/sro\/wp-json\/wp\/v2\/pages\/217","targetHints":{"allow":["GET"]}}],"collection":[{"href":"https:\/\/srodesign.com\/sro\/wp-json\/wp\/v2\/pages"}],"about":[{"href":"https:\/\/srodesign.com\/sro\/wp-json\/wp\/v2\/types\/page"}],"author":[{"embeddable":true,"href":"https:\/\/srodesign.com\/sro\/wp-json\/wp\/v2\/users\/1"}],"replies":[{"embeddable":true,"href":"https:\/\/srodesign.com\/sro\/wp-json\/wp\/v2\/comments?post=217"}],"version-history":[{"count":24,"href":"https:\/\/srodesign.com\/sro\/wp-json\/wp\/v2\/pages\/217\/revisions"}],"predecessor-version":[{"id":983,"href":"https:\/\/srodesign.com\/sro\/wp-json\/wp\/v2\/pages\/217\/revisions\/983"}],"wp:featuredmedia":[{"embeddable":true,"href":"https:\/\/srodesign.com\/sro\/wp-json\/wp\/v2\/media\/946"}],"wp:attachment":[{"href":"https:\/\/srodesign.com\/sro\/wp-json\/wp\/v2\/media?parent=217"}],"curies":[{"name":"wp","href":"https:\/\/api.w.org\/{rel}","templated":true}]}}