{"id":1080,"date":"2020-04-06T15:31:58","date_gmt":"2020-04-06T13:31:58","guid":{"rendered":"http:\/\/srodesign.com\/sro\/?page_id=1080"},"modified":"2020-04-06T15:34:55","modified_gmt":"2020-04-06T13:34:55","slug":"mentions-legales","status":"publish","type":"page","link":"https:\/\/srodesign.com\/sro\/mentions-legales\/","title":{"rendered":"mentions l\u00e9gales"},"content":{"rendered":"<section class=\"l-section wpb_row height_custom color_primary\"><div class=\"l-section-overlay\" style=\"background:linear-gradient(90deg,rgba(235,30,54,0.8500000000000001),rgba(226,0,26,0.9500000000000001))\"><\/div><div class=\"l-section-h i-cf\"><div class=\"g-cols vc_row via_flex valign_top type_default stacking_default\"><div class=\"vc_col-sm-12 wpb_column vc_column_container\"><div class=\"vc_column-inner\"><div class=\"wpb_wrapper\"><div class=\"wpb_text_column\"><div class=\"wpb_wrapper\"><h1>Mentions l\u00e9gales<\/h1>\n<\/div><\/div><\/div><\/div><\/div><\/div><\/div><\/section><section class=\"l-section wpb_row height_custom\"><div class=\"l-section-h i-cf\"><div class=\"g-cols vc_row via_flex valign_top type_default stacking_default\"><div class=\"vc_col-sm-12 wpb_column vc_column_container\"><div class=\"vc_column-inner\"><div class=\"wpb_wrapper\"><div class=\"wpb_text_column\"><div class=\"wpb_wrapper\"><div class=\"grid__item eight-twelfths portable--auto lap--auto palm--auto top-no-padding bottom-no-padding active\">\n<div class=\"fusion-layout-column fusion_builder_column fusion_builder_column_1_3 fusion-one-third fusion-column-first 1_3\">\n<div class=\"fusion-column-wrapper\" data-bg-url=\"\">\n<h3><strong>Coordonn\u00e9es du site<\/strong><\/h3>\n<p>Nom : SRO<br \/>\nAdresse : 110 chemin de la Halte, 13090 Aix en Provence<br \/>\nEmail : <a href=\"mailto:contact@srodesign.com\">contact@srodesign.com<\/a><br \/>\nDirecteur de la publication : Sylvain RODRIGUEZ<\/p>\n<h3 class=\"fusion-clearfix\"><strong>Propri\u00e9t\u00e9 intellectuelle<\/strong><\/h3>\n<div>La pr\u00e9sentation et le contenu du pr\u00e9sent site constituent, ensemble, une \u0153uvre prot\u00e9g\u00e9e par les lois en vigueur sur la propri\u00e9t\u00e9 intellectuelle, dont SRO est titulaire. Aucune reproduction et\/ou repr\u00e9sentation, partielle ou int\u00e9grale, ne pourra en \u00eatre faite sans l\u2019accord pr\u00e9alable et \u00e9crit de SRO.<\/div>\n<\/div>\n<\/div>\n<\/div>\n<div class=\"grid__item eight-twelfths portable--auto lap--auto palm--auto top-no-padding bottom-no-padding active\">\n<div class=\"fusion-layout-column fusion_builder_column fusion_builder_column_1_3 fusion-one-third fusion-column-first 1_3\">\n<div class=\"fusion-column-wrapper\" data-bg-url=\"\">\n<p>\u00c0 ce titre, toute reproduction, repr\u00e9sentation, adaptation, traduction et \/ou modification, partielle ou int\u00e9grale, ou transfert vers un autre site sont interdits. Leur reproduction, partielle ou int\u00e9grale, sans l\u2019accord \u00e9crit et pr\u00e9alable de SRO est strictement interdite, \u00e0 l\u2019exception de celle r\u00e9alis\u00e9e pour les besoins de la presse.<br \/>\nLes d\u00e9nominations ou appellations, les logos et visuels, les photos, sont des marques d\u00e9pos\u00e9es et\/ou propri\u00e9t\u00e9 exclusive de leurs propri\u00e9taires respectifs.<\/p>\n<h4 class=\"fusion-clearfix\"><strong>Conception du site<\/strong><\/h4>\n<\/div>\n<\/div>\n<\/div>\n<div class=\"grid__item eight-twelfths portable--auto lap--auto palm--auto top-no-padding bottom-no-padding active\">\n<div class=\"fusion-layout-column fusion_builder_column fusion_builder_column_1_3 fusion-one-third 1_3\">\n<div class=\"fusion-column-wrapper\" data-bg-url=\"\">\n<p>SRO<\/p>\n<h4 class=\"fusion-clearfix\"><strong>H\u00e9bergement<\/strong><\/h4>\n<div>Nom : OVH<\/div>\n<\/div>\n<\/div>\n<\/div>\n<div class=\"grid__item eight-twelfths portable--auto lap--auto palm--auto top-no-padding bottom-no-padding active\">\n<p>SAS au capital de 10 069 020 \u20ac<br \/>\nRCS Lille M\u00e9tropole 424 761 419 00045<br \/>\nCode APE 2620Z<br \/>\nN\u00b0 TVA : FR 22 424 761 419<br \/>\nSi\u00e8ge social : 2 rue Kellermann \u2013 59100 Roubaix \u2013 France<\/p>\n<\/div>\n<\/div><\/div><\/div><\/div><\/div><\/div><\/div><\/section>\n","protected":false},"excerpt":{"rendered":"Mentions l\u00e9gales Coordonn\u00e9es du site Nom : SRO Adresse : 110 chemin de la Halte, 13090 Aix en Provence Email : contact@srodesign.com Directeur de la publication : Sylvain RODRIGUEZ Propri\u00e9t\u00e9 intellectuelle La pr\u00e9sentation et le contenu du pr\u00e9sent site constituent, ensemble, une \u0153uvre prot\u00e9g\u00e9e par les lois en vigueur sur la propri\u00e9t\u00e9 intellectuelle, dont SRO...","protected":false},"author":1,"featured_media":0,"parent":0,"menu_order":0,"comment_status":"closed","ping_status":"closed","template":"","meta":{"footnotes":""},"class_list":["post-1080","page","type-page","status-publish","hentry"],"yoast_head":"<!-- This site is optimized with the Yoast SEO plugin v26.4 - https:\/\/yoast.com\/wordpress\/plugins\/seo\/ -->\n<title>mentions l\u00e9gales - SRO<\/title>\n<meta name=\"robots\" content=\"index, follow, max-snippet:-1, max-image-preview:large, max-video-preview:-1\" \/>\n<link rel=\"canonical\" href=\"https:\/\/srodesign.com\/sro\/mentions-legales\/\" \/>\n<meta property=\"og:locale\" content=\"fr_FR\" \/>\n<meta property=\"og:type\" content=\"article\" \/>\n<meta property=\"og:title\" content=\"mentions l\u00e9gales - SRO\" \/>\n<meta property=\"og:url\" content=\"https:\/\/srodesign.com\/sro\/mentions-legales\/\" \/>\n<meta property=\"og:site_name\" content=\"SRO\" \/>\n<meta property=\"article:modified_time\" content=\"2020-04-06T13:34:55+00:00\" \/>\n<meta name=\"twitter:card\" content=\"summary_large_image\" \/>\n<meta name=\"twitter:label1\" content=\"Dur\u00e9e de lecture estim\u00e9e\" \/>\n\t<meta name=\"twitter:data1\" content=\"1 minute\" \/>\n<script type=\"application\/ld+json\" class=\"yoast-schema-graph\">{\"@context\":\"https:\/\/schema.org\",\"@graph\":[{\"@type\":\"WebPage\",\"@id\":\"https:\/\/srodesign.com\/sro\/mentions-legales\/\",\"url\":\"https:\/\/srodesign.com\/sro\/mentions-legales\/\",\"name\":\"mentions l\u00e9gales - SRO\",\"isPartOf\":{\"@id\":\"https:\/\/srodesign.com\/sro\/#website\"},\"datePublished\":\"2020-04-06T13:31:58+00:00\",\"dateModified\":\"2020-04-06T13:34:55+00:00\",\"breadcrumb\":{\"@id\":\"https:\/\/srodesign.com\/sro\/mentions-legales\/#breadcrumb\"},\"inLanguage\":\"fr-FR\",\"potentialAction\":[{\"@type\":\"ReadAction\",\"target\":[\"https:\/\/srodesign.com\/sro\/mentions-legales\/\"]}]},{\"@type\":\"BreadcrumbList\",\"@id\":\"https:\/\/srodesign.com\/sro\/mentions-legales\/#breadcrumb\",\"itemListElement\":[{\"@type\":\"ListItem\",\"position\":1,\"name\":\"Accueil\",\"item\":\"https:\/\/srodesign.com\/sro\/\"},{\"@type\":\"ListItem\",\"position\":2,\"name\":\"mentions l\u00e9gales\"}]},{\"@type\":\"WebSite\",\"@id\":\"https:\/\/srodesign.com\/sro\/#website\",\"url\":\"https:\/\/srodesign.com\/sro\/\",\"name\":\"SRO\",\"description\":\"bureau cr\u00e9atif de design et communication\",\"potentialAction\":[{\"@type\":\"SearchAction\",\"target\":{\"@type\":\"EntryPoint\",\"urlTemplate\":\"https:\/\/srodesign.com\/sro\/?s={search_term_string}\"},\"query-input\":{\"@type\":\"PropertyValueSpecification\",\"valueRequired\":true,\"valueName\":\"search_term_string\"}}],\"inLanguage\":\"fr-FR\"}]}<\/script>\n<!-- \/ Yoast SEO plugin. -->","yoast_head_json":{"title":"mentions l\u00e9gales - SRO","robots":{"index":"index","follow":"follow","max-snippet":"max-snippet:-1","max-image-preview":"max-image-preview:large","max-video-preview":"max-video-preview:-1"},"canonical":"https:\/\/srodesign.com\/sro\/mentions-legales\/","og_locale":"fr_FR","og_type":"article","og_title":"mentions l\u00e9gales - SRO","og_url":"https:\/\/srodesign.com\/sro\/mentions-legales\/","og_site_name":"SRO","article_modified_time":"2020-04-06T13:34:55+00:00","twitter_card":"summary_large_image","twitter_misc":{"Dur\u00e9e de lecture estim\u00e9e":"1 minute"},"schema":{"@context":"https:\/\/schema.org","@graph":[{"@type":"WebPage","@id":"https:\/\/srodesign.com\/sro\/mentions-legales\/","url":"https:\/\/srodesign.com\/sro\/mentions-legales\/","name":"mentions l\u00e9gales - SRO","isPartOf":{"@id":"https:\/\/srodesign.com\/sro\/#website"},"datePublished":"2020-04-06T13:31:58+00:00","dateModified":"2020-04-06T13:34:55+00:00","breadcrumb":{"@id":"https:\/\/srodesign.com\/sro\/mentions-legales\/#breadcrumb"},"inLanguage":"fr-FR","potentialAction":[{"@type":"ReadAction","target":["https:\/\/srodesign.com\/sro\/mentions-legales\/"]}]},{"@type":"BreadcrumbList","@id":"https:\/\/srodesign.com\/sro\/mentions-legales\/#breadcrumb","itemListElement":[{"@type":"ListItem","position":1,"name":"Accueil","item":"https:\/\/srodesign.com\/sro\/"},{"@type":"ListItem","position":2,"name":"mentions l\u00e9gales"}]},{"@type":"WebSite","@id":"https:\/\/srodesign.com\/sro\/#website","url":"https:\/\/srodesign.com\/sro\/","name":"SRO","description":"bureau cr\u00e9atif de design et communication","potentialAction":[{"@type":"SearchAction","target":{"@type":"EntryPoint","urlTemplate":"https:\/\/srodesign.com\/sro\/?s={search_term_string}"},"query-input":{"@type":"PropertyValueSpecification","valueRequired":true,"valueName":"search_term_string"}}],"inLanguage":"fr-FR"}]}},"_links":{"self":[{"href":"https:\/\/srodesign.com\/sro\/wp-json\/wp\/v2\/pages\/1080","targetHints":{"allow":["GET"]}}],"collection":[{"href":"https:\/\/srodesign.com\/sro\/wp-json\/wp\/v2\/pages"}],"about":[{"href":"https:\/\/srodesign.com\/sro\/wp-json\/wp\/v2\/types\/page"}],"author":[{"embeddable":true,"href":"https:\/\/srodesign.com\/sro\/wp-json\/wp\/v2\/users\/1"}],"replies":[{"embeddable":true,"href":"https:\/\/srodesign.com\/sro\/wp-json\/wp\/v2\/comments?post=1080"}],"version-history":[{"count":4,"href":"https:\/\/srodesign.com\/sro\/wp-json\/wp\/v2\/pages\/1080\/revisions"}],"predecessor-version":[{"id":1084,"href":"https:\/\/srodesign.com\/sro\/wp-json\/wp\/v2\/pages\/1080\/revisions\/1084"}],"wp:attachment":[{"href":"https:\/\/srodesign.com\/sro\/wp-json\/wp\/v2\/media?parent=1080"}],"curies":[{"name":"wp","href":"https:\/\/api.w.org\/{rel}","templated":true}]}}